{"id":213,"date":"2025-12-24T10:19:45","date_gmt":"2025-12-24T09:19:45","guid":{"rendered":"https:\/\/whome.work\/lp\/?page_id=213"},"modified":"2026-02-03T11:30:41","modified_gmt":"2026-02-03T10:30:41","slug":"comparateur","status":"publish","type":"page","link":"https:\/\/whome.work\/lp\/comparateur\/","title":{"rendered":"Comparateur"},"content":{"rendered":"\n\n\t\t<h1>\n\t\t\tLocation de Centre d&rsquo;Affaires\n\t\t\t\t\t\t\t\t\t\t\tvs Baux classiques 3\/6\/9\n\t\t<\/h1>\n<h2>\n\t\t\tComparez !\t<\/h2>\n\t<p><strong>D\u00e9couvrez les avantages financiers de la location de Centre d&rsquo;Affaires<\/strong> par rapport aux baux classiques.<\/p>\n<p>Nous analysons en d\u00e9tails comment r\u00e9aliser des \u00e9conomies substantielles tout en maintenant un environnement de travail productif et dynamique.<\/p>\n\t<a href=\"#comparateur\" target=\"_self\" role=\"button\" aria-label=\"D\u00e9marrer mon comparatif\">\n\t\t\t\t\t\tD\u00e9marrer mon comparatif\n\t\t\t<\/a>\n<h2>\n\t\t\tCentres d&rsquo;Affaires Whome vs bureaux classiques\t<\/h2>\n<table  data-tablesaw-minimap>\n\t\t\t<thead>\n\t\t<tr>\n\t\t\t<th id=\"pp-table-col-1\" scope=\"col\" data-tablesaw-sortable-col>\t\t\t\t\t\n\t\t\t\t\t\t\t\t\t\t\t\tCrit\u00e8res\t\t\t\t\t\n\t\t\t\t\t<\/th><th id=\"pp-table-col-2\" scope=\"col\" data-tablesaw-sortable-col>\t\t\t\t\t\n\t\t\t\t\t\t\t\t\t\t\t\tWhome\t\t\t\t\t\n\t\t\t\t\t<\/th><th id=\"pp-table-col-3\" scope=\"col\" data-tablesaw-sortable-col>\t\t\t\t\t\n\t\t\t\t\t\t\t\t\t\t\t\tBureaux classiques\t\t\t\t\t\n\t\t\t\t\t<\/th>\t\t<\/tr>\n\t<\/thead>\n\t\t<tbody>\n\t\t<tr data-row-index=\"1\"><td> <b>Dur\u00e9e d&rsquo;engagement<\/b><\/td><td>\u2705 Souplesse du contrat<\/td><td>\u26a0\ufe0f Rigidit\u00e9 du bail 3\/6\/9<\/td><\/tr><tr data-row-index=\"2\"><td> <b>Capital<\/b><\/td><td>\u2705 Accompagner une croissance sans mobiliser de capital<\/td><td>\u26a0\ufe0f Immobilisent des liquidit\u00e9s pr\u00e9cieuses<\/td><\/tr><tr data-row-index=\"3\"><td> <b>Surface<\/b><\/td><td>\u2705  Lou\u00e9 \u00e0 l&rsquo;usage r\u00e9el<\/td><td>\u26a0\ufe0f Lou\u00e9 m\u00eame inoccup\u00e9<\/td><\/tr><tr data-row-index=\"4\"><td> <b>Services inclus<\/b><\/td><td>\u2705  Internet haut d\u00e9bit, caf\u00e9, domotique, parking<\/td><td>\u26a0\ufe0f Facturations diverses<\/td><\/tr><tr data-row-index=\"5\"><td> <b>S\u00e9curit\u00e9 &#038; confidentialit\u00e9<\/b><\/td><td>\u2705  Wi-Fi RGPD, NDA possibles, cybers\u00e9curit\u00e9 et r\u00e9seau d\u00e9di\u00e9<\/td><td>\u26a0\ufe0f Standard ou en surco\u00fbts<\/td><\/tr><tr data-row-index=\"6\"><td> <b>Communaut\u00e9<\/b><\/td><td>\u2705  R\u00e9seau pro, dynamique et vari\u00e9<\/td><td>\u26a0\ufe0f D\u00e9pend de l&rsquo;entreprise<\/td><\/tr>\t<\/tbody>\n<\/table>\n<h2>\n\t\t\tPourquoi choisir nos centres d&rsquo;affaires pr\u00e8s de Nantes ?\t<\/h2>\n\t<h3> Confort premium :<\/h3>\n<p>mobilier ergonomique, lumi\u00e8re naturelle, acoustique ma\u00eetris\u00e9e<\/p>\n<h3> Flexibilit\u00e9 totale :<\/h3>\n<p>au mois, \u00e0 la journ\u00e9e, ou sur mesure pour vos \u00e9quipes<\/p>\n<h3> Services inclus :<\/h3>\n<p>internet haut d\u00e9bit, caf\u00e9 &amp; th\u00e9 illimit\u00e9s, accueil, espaces lounge, phone-box<\/p>\n\t<h3> Espaces modulables :<\/h3>\n<p>open spaces, bureaux ferm\u00e9s, salles de r\u00e9union de 2 \u00e0 40 personnes<\/p>\n<h3> Accessibilit\u00e9 optimale :<\/h3>\n<p>situ\u00e9s Nantes Ouest et Nantes Sud. Vous gagnez du temps chaque jour, avec un acc\u00e8s simple et des parkings disponibles<\/p>\n<h3> Communaut\u00e9 professionnelle :<\/h3>\n<p>Grands Groupes, PME, ETI , PME et independants<\/p>\n\t\t\t\t<a\n\t\t\thref=\"https:\/\/whome.work\/lp\/wp-content\/uploads\/2025\/09\/Bouskul_Whome_07.25_2-731x1024.jpg\"\n\t\t\t\t\t\tdata-fancybox=\"images\" \n\t\t\ttitle=\"Bouskul_Whome_07.25_2\" \n\t\t\t\t\t\tdata-caption=\"\"\n\t\t\t\t\t\tdata-description=\"\" \n\t\t\titemprop=\"contentUrl\">\n\t\t\t<img loading=\"lazy\" decoding=\"async\" src=\"https:\/\/whome.work\/lp\/wp-content\/uploads\/2025\/09\/Bouskul_Whome_07.25_2.jpg\" alt=\"\" data-no-lazy=\"1\" itemprop=\"thumbnail\" width=\"857\" height=\"1200\" \/>\n\t\t\t<!-- Overlay Wrapper -->\n\t\t\t <!-- Overlay Wrapper Closed -->\n\t\t\t\t<\/a>\n\t\t\t\t\t\t\t<meta itemprop=\"width\" content=\"857\" \/>\n\t\t\t<meta itemprop=\"height\" content=\"1200\" \/>\n\t\t\t\t<a\n\t\t\thref=\"https:\/\/whome.work\/lp\/wp-content\/uploads\/2025\/09\/Bouskul_Whome_07.25_3-731x1024.jpg\"\n\t\t\t\t\t\tdata-fancybox=\"images\" \n\t\t\ttitle=\"Bouskul_Whome_07.25_3\" \n\t\t\t\t\t\tdata-caption=\"\"\n\t\t\t\t\t\tdata-description=\"\" \n\t\t\titemprop=\"contentUrl\">\n\t\t\t<img loading=\"lazy\" decoding=\"async\" src=\"https:\/\/whome.work\/lp\/wp-content\/uploads\/2025\/09\/Bouskul_Whome_07.25_3.jpg\" alt=\"\" data-no-lazy=\"1\" itemprop=\"thumbnail\" width=\"857\" height=\"1200\" \/>\n\t\t\t<!-- Overlay Wrapper -->\n\t\t\t <!-- Overlay Wrapper Closed -->\n\t\t\t\t<\/a>\n\t\t\t\t\t\t\t<meta itemprop=\"width\" content=\"857\" \/>\n\t\t\t<meta itemprop=\"height\" content=\"1200\" \/>\n\t\t\t\t<a\n\t\t\thref=\"https:\/\/whome.work\/lp\/wp-content\/uploads\/2025\/09\/Bouskul_Whome_07.25_5-731x1024.jpg\"\n\t\t\t\t\t\tdata-fancybox=\"images\" \n\t\t\ttitle=\"Bouskul_Whome_07.25_5\" \n\t\t\t\t\t\tdata-caption=\"\"\n\t\t\t\t\t\tdata-description=\"\" \n\t\t\titemprop=\"contentUrl\">\n\t\t\t<img loading=\"lazy\" decoding=\"async\" src=\"https:\/\/whome.work\/lp\/wp-content\/uploads\/2025\/09\/Bouskul_Whome_07.25_5.jpg\" alt=\"\" data-no-lazy=\"1\" itemprop=\"thumbnail\" width=\"857\" height=\"1200\" \/>\n\t\t\t<!-- Overlay Wrapper -->\n\t\t\t <!-- Overlay Wrapper Closed -->\n\t\t\t\t<\/a>\n\t\t\t\t\t\t\t<meta itemprop=\"width\" content=\"857\" \/>\n\t\t\t<meta itemprop=\"height\" content=\"1200\" \/>\n\t\t\t\t<a\n\t\t\thref=\"https:\/\/whome.work\/lp\/wp-content\/uploads\/2025\/09\/Bouskul_Whome_07.25_6-731x1024.jpg\"\n\t\t\t\t\t\tdata-fancybox=\"images\" \n\t\t\ttitle=\"Bouskul_Whome_07.25_6\" \n\t\t\t\t\t\tdata-caption=\"\"\n\t\t\t\t\t\tdata-description=\"\" \n\t\t\titemprop=\"contentUrl\">\n\t\t\t<img loading=\"lazy\" decoding=\"async\" src=\"https:\/\/whome.work\/lp\/wp-content\/uploads\/2025\/09\/Bouskul_Whome_07.25_6.jpg\" alt=\"\" data-no-lazy=\"1\" itemprop=\"thumbnail\" width=\"1200\" height=\"1680\" \/>\n\t\t\t<!-- Overlay Wrapper -->\n\t\t\t <!-- Overlay Wrapper Closed -->\n\t\t\t\t<\/a>\n\t\t\t\t\t\t\t<meta itemprop=\"width\" content=\"1200\" \/>\n\t\t\t<meta itemprop=\"height\" content=\"1680\" \/>\n\t\t\t\t<a\n\t\t\thref=\"https:\/\/whome.work\/lp\/wp-content\/uploads\/2025\/09\/Bouskul_Whome_07-731x1024.jpg\"\n\t\t\t\t\t\tdata-fancybox=\"images\" \n\t\t\ttitle=\"Bouskul_Whome_07\" \n\t\t\t\t\t\tdata-caption=\"\"\n\t\t\t\t\t\tdata-description=\"\" \n\t\t\titemprop=\"contentUrl\">\n\t\t\t<img loading=\"lazy\" decoding=\"async\" src=\"https:\/\/whome.work\/lp\/wp-content\/uploads\/2025\/09\/Bouskul_Whome_07.jpg\" alt=\"\" data-no-lazy=\"1\" itemprop=\"thumbnail\" width=\"1200\" height=\"1680\" \/>\n\t\t\t<!-- Overlay Wrapper -->\n\t\t\t <!-- Overlay Wrapper Closed -->\n\t\t\t\t<\/a>\n\t\t\t\t\t\t\t<meta itemprop=\"width\" content=\"1200\" \/>\n\t\t\t<meta itemprop=\"height\" content=\"1680\" \/>\n\t\t\t\t<a\n\t\t\thref=\"https:\/\/whome.work\/lp\/wp-content\/uploads\/2025\/09\/Bouskul_Whome_07.25_1-731x1024.jpg\"\n\t\t\t\t\t\tdata-fancybox=\"images\" \n\t\t\ttitle=\"Bouskul_Whome_07.25_1\" \n\t\t\t\t\t\tdata-caption=\"\"\n\t\t\t\t\t\tdata-description=\"\" \n\t\t\titemprop=\"contentUrl\">\n\t\t\t<img loading=\"lazy\" decoding=\"async\" src=\"https:\/\/whome.work\/lp\/wp-content\/uploads\/2025\/09\/Bouskul_Whome_07.25_1.jpg\" alt=\"\" data-no-lazy=\"1\" itemprop=\"thumbnail\" width=\"857\" height=\"1200\" \/>\n\t\t\t<!-- Overlay Wrapper -->\n\t\t\t <!-- Overlay Wrapper Closed -->\n\t\t\t\t<\/a>\n\t\t\t\t\t\t\t<meta itemprop=\"width\" content=\"857\" \/>\n\t\t\t<meta itemprop=\"height\" content=\"1200\" \/>\n\t<a href=\"#comparateur\" target=\"_self\" role=\"button\" aria-label=\"Compl\u00e9ter le comparateur\">\n\t\t\t\t\t\tCompl\u00e9ter le comparateur\n\t\t\t<\/a>\n<h2>\n\t\t\tT\u00e9moignages\t<\/h2>\n\t\t\t\t\t\t\t\t\t\t<h3>Whome rapproche le travail de votre projet d&rsquo;entreprise.<\/h3>\n\t\t\t\t\t\t<p><b><br \/><\/b><i>\u00ab\u00a0Je souhaite \u00e9tendre le t\u00e9l\u00e9travail dans mon entreprise et r\u00e9duire en parall\u00e8le ma surface de bureaux. Whome fournit un environnement de travail imm\u00e9diatement op\u00e9rationnel et adapt\u00e9 \u00e0 nos usages.\u00a0\u00bb<\/i><i><br \/><\/i><\/p>\n\t\t\t\t\t\t\t\t\t\t\t\t\t&#8211; Sandrine, dirigeante de PME\n\t\t\t\t\t\t\t\t\t\t<h3>Whome rapproche vos salari\u00e9s de vos valeurs.<\/h3>\n\t\t\t\t\t\t<p><em>\u00ab\u00a0Je m&rsquo;interroge sur la meilleure fa\u00e7on de retenir les talents et de les engager durablement. Les espaces Whome sont attractifs et valorisants. Mes collaborateurs y trouvent intuitivement leur place.\u00a0\u00bb<\/em><br \/><br \/><\/p>\n\t\t\t\t\t\t\t\t\t\t\t\t\t&#8211; Marie, DRH\n\t\t\t\t\t\t\t\t\t\t<h3>Whome rapproche le travail de toutes vos autres vies.<\/h3>\n\t\t\t\t\t\t<p><b><br \/><\/b><i>\u00ab\u00a0Je veux une vie professionnelle qui me laisse profiter aussi de toutes mes autres vies. \u00catre proche de mon lieu de r\u00e9sidence et des services quotidiens change tout.\u00a0\u00bb<\/i><\/p>\n\t\t\t\t\t\t\t\t\t\t\t\t\t&#8211; Augustin, t\u00e9l\u00e9conseiller\n\t\t\t\t\t\t\t\t\t\t<h3>Whome rapproche vos collaborateurs entre eux.<\/h3>\n\t\t\t\t\t\t<p><i>\u00ab\u00a0Je dois maintenir les liens d&rsquo;\u00e9quipe malgr\u00e9 le t\u00e9l\u00e9travail. Les espaces hybrides Whome favorisent les interactions sociales et r\u00e9duisent l&rsquo;isolement.\u00a0\u00bb<\/i><i><br \/><\/i><\/p>\n\t\t\t\t\t\t\t\t\t\t\t\t\t&#8211; Antoine, manager\n\t\t\t\t\t\t\t\t\t\t<h3>Whome rapproche votre SI de vos objectifs de performance.<\/h3>\n\t\t\t\t\t\t<p><i>\u00ab\u00a0En tant que DSI, je dois s\u00e9curiser les acc\u00e8s et outils informatiques. Chez Whome, le r\u00e9seau fibr\u00e9 est fiable et s\u00e9curis\u00e9, sans que j&rsquo;aie \u00e0 g\u00e9rer la maintenance.\u00a0\u00bb<\/i><i><br \/><\/i><i>\u00a0<\/i><\/p>\n\t\t\t\t\t\t\t\t\t\t\t\t\t&#8211; Sophie, DSI\n\t\t\t\t<!-- \/.pp-testimonials -->\n<h2>\n\t\t\tNos services inclus et sur mesure\t<\/h2>\n\t\t\t\t\t\t\t\t\t<img loading=\"lazy\" decoding=\"async\" src=\"https:\/\/whome.work\/lp\/wp-content\/uploads\/bb-plugin\/cache\/Bouskul_Whome_07.25_3-portrait.jpg\" alt=\"Bouskul_Whome_07.25_3\" itemprop=\"image\" height=\"1200\" width=\"857\" title=\"Bouskul_Whome_07.25_3\" onerror=\"this.style.display='none'\"  \/>\n<h3>\n\t\t\tInclus :\t<\/h3>\n\t<ul>\n<li>Open spaces<\/li>\n<li>Salles de r\u00e9union<\/li>\n<li>Phone-box<\/li>\n<li>Caf\u00e9\/th\u00e9<\/li>\n<li>Internet haut d\u00e9bit<\/li>\n<li>Espaces lounge<\/li>\n<li>Domiciliation d&rsquo;entreprise<\/li>\n<li>Conciergerie<\/li>\n<li>Parking v\u00e9lo et voiture<\/li>\n<\/ul>\n<h3>\n\t\t\tEn option :\t<\/h3>\n\t<ul>\n<li>T\u00e9l\u00e9phonie<br \/>\n<\/li>\n<li>R\u00e9seau d\u00e9di\u00e9<br \/>\n<\/li>\n<li>Support IT<br \/>\n<\/li>\n<li>Signal\u00e9tique<br \/>\n<\/li>\n<li>Casiers<br \/>\n<\/li>\n<li>Parkings vid\u00e9o-surveill\u00e9s avec bornes \u00e9lectriques<\/li>\n<\/ul>\n\t<h3><b>Osez le surclassement<\/b> et profitez d&rsquo;un coworking qui d\u00e9passe les standards habituels.<\/h3>\n<h2>\n\t\t\tFAQ &#8211; Coworking pr\u00e8s de Nantes chez Whome\t<\/h2>\n\t\t\t\t<h3>Quelles formules proposez-vous&nbsp;?<\/h3>\n\t\t\t\t\t<p>Des abonnements flexibles : au mois, ou formule hybride. Vous choisissez entre poste en open space ou bureau privatif.<\/p>\n\t\t\t\t<h3>Puis-je louer un bureau ferm\u00e9&nbsp;?<\/h3>\n\t\t\t\t\t<p>Oui, Whome propose des bureaux privatifs ferm\u00e9s.<\/p>\n\t\t\t\t<h3>Quels sont les \u00e9quipements inclus&nbsp;?<\/h3>\n\t\t\t\t\t<p>Internet haut d\u00e9bit, mobilier ergonomique, caf\u00e9t\u00e9ria, phone-box, quiet zones, terrasses, parkings, salles de r\u00e9union \u00e9quip\u00e9es.<\/p>\n\t\t\t\t<h3>Est-ce adapt\u00e9 aux entreprises&nbsp;?<\/h3>\n\t\t\t\t\t<p>Oui, de nombreuse entreprises choisissent Whome pour le t\u00e9l\u00e9travail hybride et des bureaux flexibles sans engagement.<\/p>\n\t\t\t\t<h3>O\u00f9 se trouvent vos espaces&nbsp;?<\/h3>\n\t\t\t\t\t<p>Deux localisations pratiques : Saint-Herblain et Saint-S\u00e9bastien-sur-Loire. Juste \u00e0 c\u00f4t\u00e9 de Nantes, avec un acc\u00e8s rapide et un stationnement simplifi\u00e9.<\/p>\n\t\t<h2>\n\t\t\tRejoignez le coworking premium\n\t\t\t\t\t\t\t\t\t\t\taux portes de Nantes\n\t\t<\/h2>\n\tLes places sont limit\u00e9es pour garantir confort, confidentialit\u00e9 et exclusivit\u00e9.<br \/>\nOsez le surclassement et rejoignez la nouvelle g\u00e9n\u00e9ration de coworking accessible, premium et sans contraintes de centre-ville.\n\t<a href=\"#comparateur\" target=\"_self\" role=\"button\" aria-label=\"D\u00e9marrer mon comparatif\">\n\t\t\t\t\t\tD\u00e9marrer mon comparatif\n\t\t\t<\/a>\n\n","protected":false},"excerpt":{"rendered":"<p>Location de Centre d&rsquo;Affaires vs Baux classiques 3\/6\/9 Comparez ! D\u00e9couvrez les avantages financiers de la location de Centre d&rsquo;Affaires par rapport aux baux classiques. Nous analysons en d\u00e9tails comment r\u00e9aliser des \u00e9conomies substantielles tout en maintenant un environnement de travail productif et dynamique. D\u00e9marrer mon comparatif Centres d&rsquo;Affaires Whome vs bureaux classiques Crit\u00e8res Whome&hellip;<\/p>\n","protected":false},"author":9,"featured_media":0,"parent":0,"menu_order":0,"comment_status":"closed","ping_status":"closed","template":"","meta":{"footnotes":""},"class_list":["post-213","page","type-page","status-publish","hentry"],"yoast_head":"<!-- This site is optimized with the Yoast SEO plugin v26.9 - https:\/\/yoast.com\/product\/yoast-seo-wordpress\/ -->\n<title>Comparateur location bureaux partag\u00e9s - Whome<\/title>\n<meta name=\"robots\" content=\"noindex, follow, max-snippet:-1, max-image-preview:large, max-video-preview:-1\" \/>\n<meta property=\"og:locale\" content=\"fr_FR\" \/>\n<meta property=\"og:type\" content=\"article\" \/>\n<meta property=\"og:title\" content=\"Comparateur location bureaux partag\u00e9s - Whome\" \/>\n<meta property=\"og:description\" content=\"Location de Centre d&rsquo;Affaires vs Baux classiques 3\/6\/9 Comparez ! D\u00e9couvrez les avantages financiers de la location de Centre d&rsquo;Affaires par rapport aux baux classiques. Nous analysons en d\u00e9tails comment r\u00e9aliser des \u00e9conomies substantielles tout en maintenant un environnement de travail productif et dynamique. D\u00e9marrer mon comparatif Centres d&rsquo;Affaires Whome vs bureaux classiques Crit\u00e8res Whome&hellip;\" \/>\n<meta property=\"og:url\" content=\"https:\/\/whome.work\/lp\/comparateur\/\" \/>\n<meta property=\"og:site_name\" content=\"Whome\" \/>\n<meta property=\"article:modified_time\" content=\"2026-02-03T10:30:41+00:00\" \/>\n<meta property=\"og:image\" content=\"https:\/\/whome.work\/lp\/wp-content\/uploads\/2025\/09\/Bouskul_Whome_07.25_2.jpg\" \/>\n<meta name=\"twitter:card\" content=\"summary_large_image\" \/>\n<meta name=\"twitter:label1\" content=\"Dur\u00e9e de lecture estim\u00e9e\" \/>\n\t<meta name=\"twitter:data1\" content=\"5 minutes\" \/>\n<script type=\"application\/ld+json\" class=\"yoast-schema-graph\">{\"@context\":\"https:\/\/schema.org\",\"@graph\":[{\"@type\":\"WebPage\",\"@id\":\"https:\/\/whome.work\/lp\/comparateur\/\",\"url\":\"https:\/\/whome.work\/lp\/comparateur\/\",\"name\":\"Comparateur location bureaux partag\u00e9s - Whome\",\"isPartOf\":{\"@id\":\"https:\/\/whome.work\/lp\/#website\"},\"primaryImageOfPage\":{\"@id\":\"https:\/\/whome.work\/lp\/comparateur\/#primaryimage\"},\"image\":{\"@id\":\"https:\/\/whome.work\/lp\/comparateur\/#primaryimage\"},\"thumbnailUrl\":\"https:\/\/whome.work\/lp\/wp-content\/uploads\/2025\/09\/Bouskul_Whome_07.25_2.jpg\",\"datePublished\":\"2025-12-24T09:19:45+00:00\",\"dateModified\":\"2026-02-03T10:30:41+00:00\",\"breadcrumb\":{\"@id\":\"https:\/\/whome.work\/lp\/comparateur\/#breadcrumb\"},\"inLanguage\":\"fr-FR\",\"potentialAction\":[{\"@type\":\"ReadAction\",\"target\":[\"https:\/\/whome.work\/lp\/comparateur\/\"]}]},{\"@type\":\"ImageObject\",\"inLanguage\":\"fr-FR\",\"@id\":\"https:\/\/whome.work\/lp\/comparateur\/#primaryimage\",\"url\":\"https:\/\/whome.work\/lp\/wp-content\/uploads\/2025\/09\/Bouskul_Whome_07.25_2.jpg\",\"contentUrl\":\"https:\/\/whome.work\/lp\/wp-content\/uploads\/2025\/09\/Bouskul_Whome_07.25_2.jpg\",\"width\":857,\"height\":1200},{\"@type\":\"BreadcrumbList\",\"@id\":\"https:\/\/whome.work\/lp\/comparateur\/#breadcrumb\",\"itemListElement\":[{\"@type\":\"ListItem\",\"position\":1,\"name\":\"Home\",\"item\":\"https:\/\/whome.work\/lp\/\"},{\"@type\":\"ListItem\",\"position\":2,\"name\":\"Comparateur\"}]},{\"@type\":\"WebSite\",\"@id\":\"https:\/\/whome.work\/lp\/#website\",\"url\":\"https:\/\/whome.work\/lp\/\",\"name\":\"Whome\",\"description\":\"Espace de travail pr\u00e8s de Nantes\",\"potentialAction\":[{\"@type\":\"SearchAction\",\"target\":{\"@type\":\"EntryPoint\",\"urlTemplate\":\"https:\/\/whome.work\/lp\/?s={search_term_string}\"},\"query-input\":{\"@type\":\"PropertyValueSpecification\",\"valueRequired\":true,\"valueName\":\"search_term_string\"}}],\"inLanguage\":\"fr-FR\"}]}<\/script>\n<!-- \/ Yoast SEO plugin. -->","yoast_head_json":{"title":"Comparateur location bureaux partag\u00e9s - Whome","robots":{"index":"noindex","follow":"follow","max-snippet":"max-snippet:-1","max-image-preview":"max-image-preview:large","max-video-preview":"max-video-preview:-1"},"og_locale":"fr_FR","og_type":"article","og_title":"Comparateur location bureaux partag\u00e9s - Whome","og_description":"Location de Centre d&rsquo;Affaires vs Baux classiques 3\/6\/9 Comparez ! D\u00e9couvrez les avantages financiers de la location de Centre d&rsquo;Affaires par rapport aux baux classiques. Nous analysons en d\u00e9tails comment r\u00e9aliser des \u00e9conomies substantielles tout en maintenant un environnement de travail productif et dynamique. D\u00e9marrer mon comparatif Centres d&rsquo;Affaires Whome vs bureaux classiques Crit\u00e8res Whome&hellip;","og_url":"https:\/\/whome.work\/lp\/comparateur\/","og_site_name":"Whome","article_modified_time":"2026-02-03T10:30:41+00:00","og_image":[{"url":"https:\/\/whome.work\/lp\/wp-content\/uploads\/2025\/09\/Bouskul_Whome_07.25_2.jpg","type":"","width":"","height":""}],"twitter_card":"summary_large_image","twitter_misc":{"Dur\u00e9e de lecture estim\u00e9e":"5 minutes"},"schema":{"@context":"https:\/\/schema.org","@graph":[{"@type":"WebPage","@id":"https:\/\/whome.work\/lp\/comparateur\/","url":"https:\/\/whome.work\/lp\/comparateur\/","name":"Comparateur location bureaux partag\u00e9s - Whome","isPartOf":{"@id":"https:\/\/whome.work\/lp\/#website"},"primaryImageOfPage":{"@id":"https:\/\/whome.work\/lp\/comparateur\/#primaryimage"},"image":{"@id":"https:\/\/whome.work\/lp\/comparateur\/#primaryimage"},"thumbnailUrl":"https:\/\/whome.work\/lp\/wp-content\/uploads\/2025\/09\/Bouskul_Whome_07.25_2.jpg","datePublished":"2025-12-24T09:19:45+00:00","dateModified":"2026-02-03T10:30:41+00:00","breadcrumb":{"@id":"https:\/\/whome.work\/lp\/comparateur\/#breadcrumb"},"inLanguage":"fr-FR","potentialAction":[{"@type":"ReadAction","target":["https:\/\/whome.work\/lp\/comparateur\/"]}]},{"@type":"ImageObject","inLanguage":"fr-FR","@id":"https:\/\/whome.work\/lp\/comparateur\/#primaryimage","url":"https:\/\/whome.work\/lp\/wp-content\/uploads\/2025\/09\/Bouskul_Whome_07.25_2.jpg","contentUrl":"https:\/\/whome.work\/lp\/wp-content\/uploads\/2025\/09\/Bouskul_Whome_07.25_2.jpg","width":857,"height":1200},{"@type":"BreadcrumbList","@id":"https:\/\/whome.work\/lp\/comparateur\/#breadcrumb","itemListElement":[{"@type":"ListItem","position":1,"name":"Home","item":"https:\/\/whome.work\/lp\/"},{"@type":"ListItem","position":2,"name":"Comparateur"}]},{"@type":"WebSite","@id":"https:\/\/whome.work\/lp\/#website","url":"https:\/\/whome.work\/lp\/","name":"Whome","description":"Espace de travail pr\u00e8s de Nantes","potentialAction":[{"@type":"SearchAction","target":{"@type":"EntryPoint","urlTemplate":"https:\/\/whome.work\/lp\/?s={search_term_string}"},"query-input":{"@type":"PropertyValueSpecification","valueRequired":true,"valueName":"search_term_string"}}],"inLanguage":"fr-FR"}]}},"_links":{"self":[{"href":"https:\/\/whome.work\/lp\/wp-json\/wp\/v2\/pages\/213","targetHints":{"allow":["GET"]}}],"collection":[{"href":"https:\/\/whome.work\/lp\/wp-json\/wp\/v2\/pages"}],"about":[{"href":"https:\/\/whome.work\/lp\/wp-json\/wp\/v2\/types\/page"}],"author":[{"embeddable":true,"href":"https:\/\/whome.work\/lp\/wp-json\/wp\/v2\/users\/9"}],"replies":[{"embeddable":true,"href":"https:\/\/whome.work\/lp\/wp-json\/wp\/v2\/comments?post=213"}],"version-history":[{"count":11,"href":"https:\/\/whome.work\/lp\/wp-json\/wp\/v2\/pages\/213\/revisions"}],"predecessor-version":[{"id":250,"href":"https:\/\/whome.work\/lp\/wp-json\/wp\/v2\/pages\/213\/revisions\/250"}],"wp:attachment":[{"href":"https:\/\/whome.work\/lp\/wp-json\/wp\/v2\/media?parent=213"}],"curies":[{"name":"wp","href":"https:\/\/api.w.org\/{rel}","templated":true}]}}